{"id":261,"date":"2016-07-06T18:58:03","date_gmt":"2016-07-06T16:58:03","guid":{"rendered":"https:\/\/2016.santander.wordcamp.org\/?page_id=261"},"modified":"2016-07-06T18:58:03","modified_gmt":"2016-07-06T16:58:03","slug":"transparencia","status":"publish","type":"page","link":"https:\/\/santander.wordcamp.org\/2016\/transparencia\/","title":{"rendered":"Transparencia"},"content":{"rendered":"<p>Desde <a href=\"http:\/\/www.meetup.com\/wp-cantabria\">WordPress Cantabria<\/a> entendemos y vemos la necesidad de que un evento como este ha de ser 100% transparente. Por nuestra parte, publicaremos las cuentas en esta p\u00e1gina y trataremos de hacer todo lo m\u00e1s accesible y transparente posible.<\/p>\n<p><a href=\"https:\/\/docs.google.com\/spreadsheets\/d\/1NjQHYouUgqrbaqZT13DbreB9hFKBKgG5tzhlC7qas30\/edit#gid=0\" target=\"_blank\">Puedes ver el documento transparente aqu\u00ed<\/a>.<\/p>\n<p>Explicaci\u00f3n de las diferentes pesta\u00f1as:<\/p>\n<ul>\n<li><strong>Budget<\/strong>: Indica el presupuesto inicial, son reales estimados que supondr\u00eda el evento realizado al 100% de capacidad (tanto de asistentes, como de medios).<\/li>\n<li><strong>Status<\/strong>: El estado en el que est\u00e1 la organizaci\u00f3n de la WordCamp y las diferentes fases que se van atravesando.<\/li>\n<li><strong>Vendors<\/strong>: Son las compa\u00f1\u00edas a quienes se les contratan los servicios necesarios para el evento; incluye el contacto, precio y descripci\u00f3n.<\/li>\n<li><strong>Sponsors<\/strong>: Son los patrocinadores; incluye el movimiento de solicitud y si se han confirmado o no.<\/li>\n<li><strong>Sponsor Packages<\/strong>: Los niveles\/tipos de patrocinio con los que cuenta el evento.<\/li>\n<li><strong>Speakers<\/strong>: La informaci\u00f3n sobre los speakers se hayan confirmado o no.<\/li>\n<li><strong>Volunteers<\/strong>: Quienes estamos en la organizaci\u00f3n y ayudando en la medida de lo posible.<\/li>\n<\/ul>\n","protected":false},"excerpt":{"rendered":"<p>Desde WordPress Cantabria entendemos y vemos la necesidad de que un evento como este ha de ser 100% transparente. Por nuestra parte, publicaremos las cuentas en esta p\u00e1gina y trataremos de hacer todo lo m\u00e1s accesible y transparente posible. Puedes ver el documento transparente aqu\u00ed. Explicaci\u00f3n de las diferentes pesta\u00f1as: Budget: Indica el presupuesto inicial, &hellip; <a href=\"https:\/\/santander.wordcamp.org\/2016\/transparencia\/\" class=\"more-link\">Sigue leyendo <span class=\"screen-reader-text\">Transparencia<\/span><\/a><\/p>\n","protected":false},"author":13485958,"featured_media":0,"parent":0,"menu_order":0,"comment_status":"closed","ping_status":"closed","template":"","meta":{"jetpack_post_was_ever_published":false,"footnotes":""},"class_list":["post-261","page","type-page","status-publish","hentry"],"jetpack_sharing_enabled":true,"jetpack_shortlink":"https:\/\/wp.me\/P7dOsS-4d","_links":{"self":[{"href":"https:\/\/santander.wordcamp.org\/2016\/wp-json\/wp\/v2\/pages\/261","targetHints":{"allow":["GET"]}}],"collection":[{"href":"https:\/\/santander.wordcamp.org\/2016\/wp-json\/wp\/v2\/pages"}],"about":[{"href":"https:\/\/santander.wordcamp.org\/2016\/wp-json\/wp\/v2\/types\/page"}],"replies":[{"embeddable":true,"href":"https:\/\/santander.wordcamp.org\/2016\/wp-json\/wp\/v2\/comments?post=261"}],"version-history":[{"count":1,"href":"https:\/\/santander.wordcamp.org\/2016\/wp-json\/wp\/v2\/pages\/261\/revisions"}],"predecessor-version":[{"id":262,"href":"https:\/\/santander.wordcamp.org\/2016\/wp-json\/wp\/v2\/pages\/261\/revisions\/262"}],"author":[{"embeddable":true,"href":"https:\/\/santander.wordcamp.org\/2016\/wp-json\/wporg\/v1\/users\/balfer"}],"wp:attachment":[{"href":"https:\/\/santander.wordcamp.org\/2016\/wp-json\/wp\/v2\/media?parent=261"}],"curies":[{"name":"wp","href":"https:\/\/api.w.org\/{rel}","templated":true}]}}